{"id":42,"date":"2020-08-14T13:55:02","date_gmt":"2020-08-14T13:55:02","guid":{"rendered":"https:\/\/www.dorteaolsen.dk\/?page_id=42"},"modified":"2020-08-15T14:46:37","modified_gmt":"2020-08-15T14:46:37","slug":"42-2","status":"publish","type":"page","link":"https:\/\/www.dorteaolsen.dk\/","title":{"rendered":"Forside"},"content":{"rendered":"<p>[et_pb_section fb_built=&#8221;1&#8243; _builder_version=&#8221;4.4.9&#8243; custom_padding=&#8221;20px||10px|||&#8221;][et_pb_row _builder_version=&#8221;4.4.9&#8243; min_height=&#8221;71px&#8221; custom_margin=&#8221;-13px|auto||auto||&#8221;][et_pb_column type=&#8221;4_4&#8243; _builder_version=&#8221;4.4.9&#8243;][et_pb_text _builder_version=&#8221;4.4.9&#8243; hover_enabled=&#8221;0&#8243; custom_margin=&#8221;||-11px|||&#8221;]<\/p>\n<h1 style=\"text-align: center;\"><strong>Accepter aldrig en tilstand \u2013 hvis du gerne vil have det anderledes!<\/strong><\/h1>\n<p style=\"text-align: center;\">\n[\/et_pb_text][\/et_pb_column][\/et_pb_row][et_pb_row _builder_version=&#8221;4.4.9&#8243; min_height=&#8221;57px&#8221; custom_padding=&#8221;2px|||||&#8221;][et_pb_column _builder_version=&#8221;4.4.9&#8243; type=&#8221;4_4&#8243;][et_pb_text _builder_version=&#8221;4.4.9&#8243; hover_enabled=&#8221;0&#8243;]<\/p>\n<p style=\"text-align: center;\"><strong>~~~~~<\/strong><\/p>\n<p>[\/et_pb_text][\/et_pb_column][\/et_pb_row][et_pb_row column_structure=&#8221;1_3,1_3,1_3&#8243; _builder_version=&#8221;4.4.9&#8243; custom_padding=&#8221;||54px|||&#8221; min_height=&#8221;489px&#8221; custom_margin=&#8221;-31px|auto||auto||&#8221;][et_pb_column type=&#8221;1_3&#8243; _builder_version=&#8221;4.4.9&#8243;][et_pb_image src=&#8221;https:\/\/www.dorteaolsen.dk\/wp-content\/uploads\/2020\/08\/\u00c6ndre-en-vane.png&#8221; title_text=&#8221;\u00c6ndre en vane&#8221; _builder_version=&#8221;4.4.9&#8243;][\/et_pb_image][et_pb_text _builder_version=&#8221;4.4.9&#8243;]<\/p>\n<p>Uanset om du \u00f8nsker at \u00e6ndre en vane&#8230;<\/p>\n<p>[\/et_pb_text][\/et_pb_column][et_pb_column type=&#8221;1_3&#8243; _builder_version=&#8221;4.4.9&#8243;][et_pb_image src=&#8221;https:\/\/www.dorteaolsen.dk\/wp-content\/uploads\/2020\/08\/\u00f8nske-om-frihed.png&#8221; title_text=&#8221;\u00f8nske om frihed&#8221; _builder_version=&#8221;4.4.9&#8243;][\/et_pb_image][et_pb_text _builder_version=&#8221;4.4.9&#8243;]<\/p>\n<p>Eller du \u00f8nsker frihed fra begr\u00e6nsende overbevisninger som f. eks. lavt selvv\u00e6rd, generthed eller pengeflow, s\u00e5 kan du f\u00e5 hj\u00e6lp med hypnose og mental tr\u00e6ning.<\/p>\n<p>Du kan ogs\u00e5 f\u00e5 hj\u00e6lp til at komme fri af angst eller depression.<\/p>\n<p>[\/et_pb_text][\/et_pb_column][et_pb_column type=&#8221;1_3&#8243; _builder_version=&#8221;4.4.9&#8243;][et_pb_image src=&#8221;https:\/\/www.dorteaolsen.dk\/wp-content\/uploads\/2020\/08\/ud-af-angst-eller-depression-a.png&#8221; title_text=&#8221;ud af angst eller depression a&#8221; _builder_version=&#8221;4.4.9&#8243;][\/et_pb_image][\/et_pb_column][\/et_pb_row][et_pb_row column_structure=&#8221;2_5,3_5&#8243; _builder_version=&#8221;4.4.9&#8243; custom_padding=&#8221;||1px|||&#8221;][et_pb_column type=&#8221;2_5&#8243; _builder_version=&#8221;4.4.9&#8243;][et_pb_text _builder_version=&#8221;4.4.9&#8243;]<\/p>\n<h4><strong>Book tid nu p\u00e5 SMS 51 80 53 60<\/strong><\/h4>\n<p><strong>Eller skriv en besked i boxen.<\/strong><\/p>\n<p><strong>Du kan ogs\u00e5 booke tid til en gratis 10 min samtale, om dine muligheder for hj\u00e6lp med hypnose eller mentaltr\u00e6ning.<\/strong><\/p>\n<p>[\/et_pb_text][\/et_pb_column][et_pb_column type=&#8221;3_5&#8243; _builder_version=&#8221;4.4.9&#8243;][et_pb_contact_form email=&#8221;hypnose@dorteaolsen.dk&#8221; _builder_version=&#8221;4.4.9&#8243;][et_pb_contact_field field_id=&#8221;Name&#8221; field_title=&#8221;Navn&#8221; _builder_version=&#8221;3.16&#8243; button_text_size__hover_enabled=&#8221;off&#8221; button_one_text_size__hover_enabled=&#8221;off&#8221; button_two_text_size__hover_enabled=&#8221;off&#8221; button_text_color__hover_enabled=&#8221;off&#8221; button_one_text_color__hover_enabled=&#8221;off&#8221; button_two_text_color__hover_enabled=&#8221;off&#8221; button_border_width__hover_enabled=&#8221;off&#8221; button_one_border_width__hover_enabled=&#8221;off&#8221; button_two_border_width__hover_enabled=&#8221;off&#8221; button_border_color__hover_enabled=&#8221;off&#8221; button_one_border_color__hover_enabled=&#8221;off&#8221; button_two_border_color__hover_enabled=&#8221;off&#8221; button_border_radius__hover_enabled=&#8221;off&#8221; button_one_border_radius__hover_enabled=&#8221;off&#8221; button_two_border_radius__hover_enabled=&#8221;off&#8221; button_letter_spacing__hover_enabled=&#8221;off&#8221; button_one_letter_spacing__hover_enabled=&#8221;off&#8221; button_two_letter_spacing__hover_enabled=&#8221;off&#8221; button_bg_color__hover_enabled=&#8221;off&#8221; button_one_bg_color__hover_enabled=&#8221;off&#8221; button_two_bg_color__hover_enabled=&#8221;off&#8221;][\/et_pb_contact_field][et_pb_contact_field field_id=&#8221;Email&#8221; field_title=&#8221;E-mailadresse&#8221; field_type=&#8221;email&#8221; _builder_version=&#8221;3.16&#8243; button_text_size__hover_enabled=&#8221;off&#8221; button_one_text_size__hover_enabled=&#8221;off&#8221; button_two_text_size__hover_enabled=&#8221;off&#8221; button_text_color__hover_enabled=&#8221;off&#8221; button_one_text_color__hover_enabled=&#8221;off&#8221; button_two_text_color__hover_enabled=&#8221;off&#8221; button_border_width__hover_enabled=&#8221;off&#8221; button_one_border_width__hover_enabled=&#8221;off&#8221; button_two_border_width__hover_enabled=&#8221;off&#8221; button_border_color__hover_enabled=&#8221;off&#8221; button_one_border_color__hover_enabled=&#8221;off&#8221; button_two_border_color__hover_enabled=&#8221;off&#8221; button_border_radius__hover_enabled=&#8221;off&#8221; button_one_border_radius__hover_enabled=&#8221;off&#8221; button_two_border_radius__hover_enabled=&#8221;off&#8221; button_letter_spacing__hover_enabled=&#8221;off&#8221; button_one_letter_spacing__hover_enabled=&#8221;off&#8221; button_two_letter_spacing__hover_enabled=&#8221;off&#8221; button_bg_color__hover_enabled=&#8221;off&#8221; button_one_bg_color__hover_enabled=&#8221;off&#8221; button_two_bg_color__hover_enabled=&#8221;off&#8221;][\/et_pb_contact_field][et_pb_contact_field field_id=&#8221;Message&#8221; field_title=&#8221;Besked&#8221; field_type=&#8221;text&#8221; fullwidth_field=&#8221;on&#8221; _builder_version=&#8221;3.16&#8243; button_text_size__hover_enabled=&#8221;off&#8221; button_one_text_size__hover_enabled=&#8221;off&#8221; button_two_text_size__hover_enabled=&#8221;off&#8221; button_text_color__hover_enabled=&#8221;off&#8221; button_one_text_color__hover_enabled=&#8221;off&#8221; button_two_text_color__hover_enabled=&#8221;off&#8221; button_border_width__hover_enabled=&#8221;off&#8221; button_one_border_width__hover_enabled=&#8221;off&#8221; button_two_border_width__hover_enabled=&#8221;off&#8221; button_border_color__hover_enabled=&#8221;off&#8221; button_one_border_color__hover_enabled=&#8221;off&#8221; button_two_border_color__hover_enabled=&#8221;off&#8221; button_border_radius__hover_enabled=&#8221;off&#8221; button_one_border_radius__hover_enabled=&#8221;off&#8221; button_two_border_radius__hover_enabled=&#8221;off&#8221; button_letter_spacing__hover_enabled=&#8221;off&#8221; button_one_letter_spacing__hover_enabled=&#8221;off&#8221; button_two_letter_spacing__hover_enabled=&#8221;off&#8221; button_bg_color__hover_enabled=&#8221;off&#8221; button_one_bg_color__hover_enabled=&#8221;off&#8221; button_two_bg_color__hover_enabled=&#8221;off&#8221;][\/et_pb_contact_field][\/et_pb_contact_form][\/et_pb_column][\/et_pb_row][et_pb_row _builder_version=&#8221;4.4.9&#8243; custom_padding=&#8221;55px|||||&#8221;][et_pb_column type=&#8221;4_4&#8243; _builder_version=&#8221;4.4.9&#8243;][et_pb_text _builder_version=&#8221;4.4.9&#8243;]<\/p>\n<h2><strong>Hvem s\u00f8ger en Hypnotis\u00f8r, Mental Tr\u00e6ner og Performance Coach?<\/strong><\/h2>\n<p><strong><\/strong><\/p>\n<p><strong>De, der har et \u00f8nske om at forbedre eller udvikle egen adf\u00e6rd og tankebaner, for at n\u00e5 de \u00f8nskede m\u00e5l.<\/strong><\/p>\n<p><strong>Du f\u00e5r ikke kun hj\u00e6lp til at l\u00f8se det problem du evt. kommer for at f\u00e5 l\u00f8st, men ogs\u00e5 p\u00e5 at \u00e6ndre \/ skabe det adf\u00e6rdsm\u00f8nster der kan sikre dig imod lignende problemer i fremtiden.<\/strong><\/p>\n<p><strong>Behandlings filosofi:<\/strong><\/p>\n<p><strong>Alle der har behov, for at f\u00e5 l\u00f8st et psykisk eller psykologisk problem, der p\u00e5virker tanke og handlem\u00f8nstre, i en s\u00e5dan grad at det h\u00e6mmer dagligdagen eller bestemte situationer, kan f\u00e5 hj\u00e6lp.<\/strong><\/p>\n<p>[\/et_pb_text][\/et_pb_column][\/et_pb_row][et_pb_row _builder_version=&#8221;4.4.9&#8243; custom_padding=&#8221;0px|||||&#8221;][et_pb_column type=&#8221;4_4&#8243; _builder_version=&#8221;4.4.9&#8243;][et_pb_image src=&#8221;https:\/\/www.dorteaolsen.dk\/wp-content\/uploads\/2020\/08\/Chain-colour-lang.png&#8221; title_text=&#8221;Chain-colour-lang&#8221; _builder_version=&#8221;4.4.9&#8243; min_height=&#8221;142px&#8221; custom_margin=&#8221;||5px|||&#8221;][\/et_pb_image][et_pb_text _builder_version=&#8221;4.4.9&#8243; custom_padding=&#8221;5px|||||&#8221;][\/et_pb_text][\/et_pb_column][\/et_pb_row][et_pb_row _builder_version=&#8221;4.4.9&#8243; custom_margin=&#8221;-33px|auto||auto||&#8221;][et_pb_column type=&#8221;4_4&#8243; _builder_version=&#8221;4.4.9&#8243;][et_pb_text _builder_version=&#8221;4.4.9&#8243; animation_style=&#8221;slide&#8221;]<\/p>\n<h1 style=\"text-align: center;\"><strong>F\u00e5 hj\u00e6lp til at g\u00f8re dit svageste led i k\u00e6den st\u00e6rkere.<\/strong><\/h1>\n<p>[\/et_pb_text][\/et_pb_column][\/et_pb_row][\/et_pb_section]<\/p>\n","protected":false},"excerpt":{"rendered":"<p>Accepter aldrig en tilstand \u2013 hvis du gerne vil have det anderledes! ~~~~~ Uanset om du \u00f8nsker at \u00e6ndre en vane&#8230;Eller du \u00f8nsker frihed fra begr\u00e6nsende overbevisninger som f. eks. lavt selvv\u00e6rd, generthed eller pengeflow, s\u00e5 kan du f\u00e5 hj\u00e6lp med hypnose og mental tr\u00e6ning. Du kan ogs\u00e5 f\u00e5 hj\u00e6lp til at komme fri af [&hellip;]<\/p>\n","protected":false},"author":1,"featured_media":0,"parent":0,"menu_order":0,"comment_status":"closed","ping_status":"closed","template":"","meta":{"_et_pb_use_builder":"on","_et_pb_old_content":"","_et_gb_content_width":"","footnotes":""},"class_list":["post-42","page","type-page","status-publish","hentry"],"_links":{"self":[{"href":"https:\/\/www.dorteaolsen.dk\/index.php?rest_route=\/wp\/v2\/pages\/42","targetHints":{"allow":["GET"]}}],"collection":[{"href":"https:\/\/www.dorteaolsen.dk\/index.php?rest_route=\/wp\/v2\/pages"}],"about":[{"href":"https:\/\/www.dorteaolsen.dk\/index.php?rest_route=\/wp\/v2\/types\/page"}],"author":[{"embeddable":true,"href":"https:\/\/www.dorteaolsen.dk\/index.php?rest_route=\/wp\/v2\/users\/1"}],"replies":[{"embeddable":true,"href":"https:\/\/www.dorteaolsen.dk\/index.php?rest_route=%2Fwp%2Fv2%2Fcomments&post=42"}],"version-history":[{"count":7,"href":"https:\/\/www.dorteaolsen.dk\/index.php?rest_route=\/wp\/v2\/pages\/42\/revisions"}],"predecessor-version":[{"id":94,"href":"https:\/\/www.dorteaolsen.dk\/index.php?rest_route=\/wp\/v2\/pages\/42\/revisions\/94"}],"wp:attachment":[{"href":"https:\/\/www.dorteaolsen.dk\/index.php?rest_route=%2Fwp%2Fv2%2Fmedia&parent=42"}],"curies":[{"name":"wp","href":"https:\/\/api.w.org\/{rel}","templated":true}]}}